{"id":12,"date":"2024-12-30T19:55:30","date_gmt":"2024-12-30T16:55:30","guid":{"rendered":"https:\/\/prolebdogalurunler.com\/?page_id=12"},"modified":"2025-02-18T16:20:03","modified_gmt":"2025-02-18T13:20:03","slug":"giris","status":"publish","type":"page","link":"https:\/\/prolebdogalurunler.com\/","title":{"rendered":"Proleb Do\u011fal \u00dcr\u00fcnlere Ho\u015fgeldiniz&#8230;"},"content":{"rendered":"\n<div class=\"wp-block-group is-nowrap is-layout-flex wp-container-core-group-is-layout-1 wp-block-group-is-layout-flex\">\n<p>Do\u011fadan gelen lezzeti insanlara sunma hayaliyle kurucular\u0131m\u0131z bir araya gelerek &#8220;PROLEB&#8221; i kurdu. Biz, sadece kuruyemi\u015f \u00fcreten ve satan bir firma de\u011filiz; do\u011fan\u0131n sundu\u011fu en saf ve sa\u011fl\u0131kl\u0131 \u00fcr\u00fcnleri, kalite ve g\u00fcven ile birle\u015ftiren bir aileyiz.<\/p>\n\n\n\n<figure class=\"wp-block-image size-large\"><img loading=\"lazy\" decoding=\"async\" width=\"1024\" height=\"1024\" src=\"https:\/\/prolebdogalurunler.com\/wp-content\/uploads\/2025\/02\/Proleb-10-1024x1024.jpg\" alt=\"\" class=\"wp-image-149\" srcset=\"https:\/\/prolebdogalurunler.com\/wp-content\/uploads\/2025\/02\/Proleb-10-1024x1024.jpg 1024w, https:\/\/prolebdogalurunler.com\/wp-content\/uploads\/2025\/02\/Proleb-10-300x300.jpg 300w, https:\/\/prolebdogalurunler.com\/wp-content\/uploads\/2025\/02\/Proleb-10-150x150.jpg 150w, https:\/\/prolebdogalurunler.com\/wp-content\/uploads\/2025\/02\/Proleb-10-768x768.jpg 768w, https:\/\/prolebdogalurunler.com\/wp-content\/uploads\/2025\/02\/Proleb-10-1536x1536.jpg 1536w, https:\/\/prolebdogalurunler.com\/wp-content\/uploads\/2025\/02\/Proleb-10-2048x2048.jpg 2048w, https:\/\/prolebdogalurunler.com\/wp-content\/uploads\/2025\/02\/Proleb-10-100x100.jpg 100w, https:\/\/prolebdogalurunler.com\/wp-content\/uploads\/2025\/02\/Proleb-10-500x500.jpg 500w, https:\/\/prolebdogalurunler.com\/wp-content\/uploads\/2025\/02\/Proleb-10-800x800.jpg 800w, https:\/\/prolebdogalurunler.com\/wp-content\/uploads\/2025\/02\/Proleb-10-1280x1280.jpg 1280w, https:\/\/prolebdogalurunler.com\/wp-content\/uploads\/2025\/02\/Proleb-10-1920x1920.jpg 1920w\" sizes=\"auto, (max-width: 767px) 89vw, (max-width: 1000px) 54vw, (max-width: 1071px) 543px, 580px\" \/><\/figure>\n<\/div>\n\n\n\n<div class=\"wp-block-nk-awb nk-awb is-layout-constrained wp-block-awb-is-layout-constrained\"><div class=\"nk-awb-wrap-content\"><\/div><\/div>\n","protected":false},"excerpt":{"rendered":"<p>Do\u011fadan gelen lezzeti insanlara sunma hayaliyle kurucular\u0131m\u0131z bir araya gelerek &#8220;PROLEB&#8221; i kurdu. Biz, sadece kuruyemi\u015f \u00fcreten ve satan bir firma de\u011filiz; do\u011fan\u0131n sundu\u011fu en saf ve sa\u011fl\u0131kl\u0131 \u00fcr\u00fcnleri, kalite ve g\u00fcven ile birle\u015ftiren bir aileyiz.<\/p>\n","protected":false},"author":1,"featured_media":0,"parent":0,"menu_order":0,"comment_status":"closed","ping_status":"closed","template":"","meta":{"_uag_custom_page_level_css":"","footnotes":""},"class_list":["post-12","page","type-page","status-publish","hentry"],"uagb_featured_image_src":{"full":false,"thumbnail":false,"medium":false,"medium_large":false,"large":false,"1536x1536":false,"2048x2048":false,"twentyseventeen-featured-image":false,"twentyseventeen-thumbnail-avatar":false,"awb_sm":false,"awb_md":false,"awb_lg":false,"awb_xl":false},"uagb_author_info":{"display_name":"info@tfprotex.com","author_link":"https:\/\/prolebdogalurunler.com\/?author=1"},"uagb_comment_info":0,"uagb_excerpt":"Do\u011fadan gelen lezzeti insanlara sunma hayaliyle kurucular\u0131m\u0131z bir araya gelerek &#8220;PROLEB&#8221; i kurdu. Biz, sadece kuruyemi\u015f \u00fcreten ve satan bir firma de\u011filiz; do\u011fan\u0131n sundu\u011fu en saf ve sa\u011fl\u0131kl\u0131 \u00fcr\u00fcnleri, kalite ve g\u00fcven ile birle\u015ftiren bir aileyiz.","_links":{"self":[{"href":"https:\/\/prolebdogalurunler.com\/index.php?rest_route=\/wp\/v2\/pages\/12","targetHints":{"allow":["GET"]}}],"collection":[{"href":"https:\/\/prolebdogalurunler.com\/index.php?rest_route=\/wp\/v2\/pages"}],"about":[{"href":"https:\/\/prolebdogalurunler.com\/index.php?rest_route=\/wp\/v2\/types\/page"}],"author":[{"embeddable":true,"href":"https:\/\/prolebdogalurunler.com\/index.php?rest_route=\/wp\/v2\/users\/1"}],"replies":[{"embeddable":true,"href":"https:\/\/prolebdogalurunler.com\/index.php?rest_route=%2Fwp%2Fv2%2Fcomments&post=12"}],"version-history":[{"count":5,"href":"https:\/\/prolebdogalurunler.com\/index.php?rest_route=\/wp\/v2\/pages\/12\/revisions"}],"predecessor-version":[{"id":150,"href":"https:\/\/prolebdogalurunler.com\/index.php?rest_route=\/wp\/v2\/pages\/12\/revisions\/150"}],"wp:attachment":[{"href":"https:\/\/prolebdogalurunler.com\/index.php?rest_route=%2Fwp%2Fv2%2Fmedia&parent=12"}],"curies":[{"name":"wp","href":"https:\/\/api.w.org\/{rel}","templated":true}]}}