{"id":13,"date":"2024-12-30T19:55:30","date_gmt":"2024-12-30T16:55:30","guid":{"rendered":"https:\/\/prolebdogalurunler.com\/?page_id=13"},"modified":"2025-01-01T17:52:08","modified_gmt":"2025-01-01T14:52:08","slug":"hakkimizda","status":"publish","type":"page","link":"https:\/\/prolebdogalurunler.com\/?page_id=13","title":{"rendered":"Hakk\u0131m\u0131zda"},"content":{"rendered":"\n<div class=\"wp-block-group is-nowrap is-layout-flex wp-container-core-group-is-layout-1 wp-block-group-is-layout-flex\">\n<p>PROLEB DO\u011eAL \u00dcR\u00dcNLER, sadece bug\u00fcn\u00fcn de\u011fil, gelece\u011fin de firmas\u0131 olma yolunda ilerliyor. Hedefimiz, T\u00fcrkiye&#8217;nin d\u00f6rt bir yan\u0131na ve uluslararas\u0131 pazarlara, kalitemizi ve de\u011ferlerimizi ta\u015f\u0131mak. \u0130novasyon ile gelene\u011fi harmanlayarak, yeni \u00fcr\u00fcnler geli\u015ftirmek ve pazar pay\u0131m\u0131z\u0131 geni\u015fletmek istiyoruz. Ayr\u0131ca, toplumsal sorumluluk projeleri ile topluma katk\u0131 sa\u011flamaya devam edece\u011fiz. <\/p>\n\n\n\n<p><\/p>\n\n\n\n<figure class=\"wp-block-image size-full is-resized\"><img loading=\"lazy\" decoding=\"async\" width=\"1024\" height=\"768\" src=\"https:\/\/prolebdogalurunler-com.preview-domain.com\/wp-content\/uploads\/2025\/01\/190441e6-0f38-4998-bef9-34b441c9ea61.jpg\" alt=\"\" class=\"wp-image-128\" style=\"width:658px;height:auto\" srcset=\"https:\/\/prolebdogalurunler.com\/wp-content\/uploads\/2025\/01\/190441e6-0f38-4998-bef9-34b441c9ea61.jpg 1024w, https:\/\/prolebdogalurunler.com\/wp-content\/uploads\/2025\/01\/190441e6-0f38-4998-bef9-34b441c9ea61-300x225.jpg 300w, https:\/\/prolebdogalurunler.com\/wp-content\/uploads\/2025\/01\/190441e6-0f38-4998-bef9-34b441c9ea61-768x576.jpg 768w, https:\/\/prolebdogalurunler.com\/wp-content\/uploads\/2025\/01\/190441e6-0f38-4998-bef9-34b441c9ea61-500x375.jpg 500w, https:\/\/prolebdogalurunler.com\/wp-content\/uploads\/2025\/01\/190441e6-0f38-4998-bef9-34b441c9ea61-800x600.jpg 800w\" sizes=\"auto, (max-width: 767px) 89vw, (max-width: 1000px) 54vw, (max-width: 1071px) 543px, 580px\" \/><\/figure>\n<\/div>\n\n\n\n<div class=\"wp-block-group is-nowrap is-layout-flex wp-container-core-group-is-layout-2 wp-block-group-is-layout-flex\">\n<p>PROLEB DO\u011eAL \u00dcR\u00dcNLER sadece bir kuruyemi\u015f firmas\u0131 de\u011fil, bir ya\u015fam tarz\u0131, bir felsefe. \u00dcr\u00fcnlerimizin her bir tanesi, do\u011fadan gelen lezzetin, kalitenin, g\u00fcvenin ve sa\u011fl\u0131\u011f\u0131n bir temsili. Biz, bu de\u011ferlerle gelece\u011fe do\u011fru y\u00fcr\u00fcyoruz, sizleri de bu yolculu\u011fa davet ediyoruz. <\/p>\n\n\n\n<figure class=\"wp-block-image size-full is-resized\"><img loading=\"lazy\" decoding=\"async\" width=\"1024\" height=\"768\" src=\"https:\/\/prolebdogalurunler-com.preview-domain.com\/wp-content\/uploads\/2025\/01\/a798b4c4-d28c-46e6-88c0-ca42dd113388.jpg\" alt=\"\" class=\"wp-image-129\" style=\"width:579px;height:auto\" srcset=\"https:\/\/prolebdogalurunler.com\/wp-content\/uploads\/2025\/01\/a798b4c4-d28c-46e6-88c0-ca42dd113388.jpg 1024w, https:\/\/prolebdogalurunler.com\/wp-content\/uploads\/2025\/01\/a798b4c4-d28c-46e6-88c0-ca42dd113388-300x225.jpg 300w, https:\/\/prolebdogalurunler.com\/wp-content\/uploads\/2025\/01\/a798b4c4-d28c-46e6-88c0-ca42dd113388-768x576.jpg 768w, https:\/\/prolebdogalurunler.com\/wp-content\/uploads\/2025\/01\/a798b4c4-d28c-46e6-88c0-ca42dd113388-500x375.jpg 500w, https:\/\/prolebdogalurunler.com\/wp-content\/uploads\/2025\/01\/a798b4c4-d28c-46e6-88c0-ca42dd113388-800x600.jpg 800w\" sizes=\"auto, (max-width: 767px) 89vw, (max-width: 1000px) 54vw, (max-width: 1071px) 543px, 580px\" \/><\/figure>\n<\/div>\n\n\n\n<figure class=\"wp-block-gallery has-nested-images columns-default is-cropped wp-block-gallery-1 is-layout-flex wp-block-gallery-is-layout-flex\"><\/figure>\n","protected":false},"excerpt":{"rendered":"<p>PROLEB DO\u011eAL \u00dcR\u00dcNLER, sadece bug\u00fcn\u00fcn de\u011fil, gelece\u011fin de firmas\u0131 olma yolunda ilerliyor. Hedefimiz, T\u00fcrkiye&#8217;nin d\u00f6rt bir yan\u0131na ve uluslararas\u0131 pazarlara, kalitemizi ve de\u011ferlerimizi ta\u015f\u0131mak. \u0130novasyon ile gelene\u011fi harmanlayarak, yeni \u00fcr\u00fcnler geli\u015ftirmek ve pazar pay\u0131m\u0131z\u0131 geni\u015fletmek istiyoruz. Ayr\u0131ca, toplumsal sorumluluk projeleri ile topluma katk\u0131 sa\u011flamaya devam edece\u011fiz. PROLEB DO\u011eAL \u00dcR\u00dcNLER sadece bir kuruyemi\u015f firmas\u0131 de\u011fil, bir &hellip; <\/p>\n<p class=\"link-more\"><a href=\"https:\/\/prolebdogalurunler.com\/?page_id=13\" class=\"more-link\">Okumaya devam et<span class=\"screen-reader-text\"> &#8220;Hakk\u0131m\u0131zda&#8221;<\/span><\/a><\/p>\n","protected":false},"author":1,"featured_media":0,"parent":0,"menu_order":0,"comment_status":"closed","ping_status":"closed","template":"","meta":{"_uag_custom_page_level_css":"","footnotes":""},"class_list":["post-13","page","type-page","status-publish","hentry"],"uagb_featured_image_src":{"full":false,"thumbnail":false,"medium":false,"medium_large":false,"large":false,"1536x1536":false,"2048x2048":false,"twentyseventeen-featured-image":false,"twentyseventeen-thumbnail-avatar":false,"awb_sm":false,"awb_md":false,"awb_lg":false,"awb_xl":false},"uagb_author_info":{"display_name":"info@tfprotex.com","author_link":"https:\/\/prolebdogalurunler.com\/?author=1"},"uagb_comment_info":0,"uagb_excerpt":"PROLEB DO\u011eAL \u00dcR\u00dcNLER, sadece bug\u00fcn\u00fcn de\u011fil, gelece\u011fin de firmas\u0131 olma yolunda ilerliyor. Hedefimiz, T\u00fcrkiye&#8217;nin d\u00f6rt bir yan\u0131na ve uluslararas\u0131 pazarlara, kalitemizi ve de\u011ferlerimizi ta\u015f\u0131mak. \u0130novasyon ile gelene\u011fi harmanlayarak, yeni \u00fcr\u00fcnler geli\u015ftirmek ve pazar pay\u0131m\u0131z\u0131 geni\u015fletmek istiyoruz. Ayr\u0131ca, toplumsal sorumluluk projeleri ile topluma katk\u0131 sa\u011flamaya devam edece\u011fiz. PROLEB DO\u011eAL \u00dcR\u00dcNLER sadece bir kuruyemi\u015f firmas\u0131 de\u011fil, bir&hellip;","_links":{"self":[{"href":"https:\/\/prolebdogalurunler.com\/index.php?rest_route=\/wp\/v2\/pages\/13","targetHints":{"allow":["GET"]}}],"collection":[{"href":"https:\/\/prolebdogalurunler.com\/index.php?rest_route=\/wp\/v2\/pages"}],"about":[{"href":"https:\/\/prolebdogalurunler.com\/index.php?rest_route=\/wp\/v2\/types\/page"}],"author":[{"embeddable":true,"href":"https:\/\/prolebdogalurunler.com\/index.php?rest_route=\/wp\/v2\/users\/1"}],"replies":[{"embeddable":true,"href":"https:\/\/prolebdogalurunler.com\/index.php?rest_route=%2Fwp%2Fv2%2Fcomments&post=13"}],"version-history":[{"count":16,"href":"https:\/\/prolebdogalurunler.com\/index.php?rest_route=\/wp\/v2\/pages\/13\/revisions"}],"predecessor-version":[{"id":130,"href":"https:\/\/prolebdogalurunler.com\/index.php?rest_route=\/wp\/v2\/pages\/13\/revisions\/130"}],"wp:attachment":[{"href":"https:\/\/prolebdogalurunler.com\/index.php?rest_route=%2Fwp%2Fv2%2Fmedia&parent=13"}],"curies":[{"name":"wp","href":"https:\/\/api.w.org\/{rel}","templated":true}]}}