{"id":20,"date":"2024-12-30T19:55:30","date_gmt":"2024-12-30T16:55:30","guid":{"rendered":"https:\/\/prolebdogalurunler.com\/?page_id=20"},"modified":"2025-01-01T14:17:43","modified_gmt":"2025-01-01T11:17:43","slug":"urunler","status":"publish","type":"page","link":"https:\/\/prolebdogalurunler.com\/?page_id=20","title":{"rendered":"Lezzet Ortaklar\u0131"},"content":{"rendered":"\n<figure class=\"wp-block-image size-large is-resized\"><img loading=\"lazy\" decoding=\"async\" width=\"768\" height=\"1024\" src=\"https:\/\/prolebdogalurunler-com.preview-domain.com\/wp-content\/uploads\/2024\/12\/Proleb-03-768x1024.jpg\" alt=\"\" class=\"wp-image-65\" style=\"width:253px;height:auto\" srcset=\"https:\/\/prolebdogalurunler.com\/wp-content\/uploads\/2024\/12\/Proleb-03-768x1024.jpg 768w, https:\/\/prolebdogalurunler.com\/wp-content\/uploads\/2024\/12\/Proleb-03-225x300.jpg 225w, https:\/\/prolebdogalurunler.com\/wp-content\/uploads\/2024\/12\/Proleb-03-1152x1536.jpg 1152w, https:\/\/prolebdogalurunler.com\/wp-content\/uploads\/2024\/12\/Proleb-03-1536x2048.jpg 1536w, https:\/\/prolebdogalurunler.com\/wp-content\/uploads\/2024\/12\/Proleb-03-scaled.jpg 1920w\" sizes=\"auto, (max-width: 767px) 89vw, (max-width: 1000px) 54vw, (max-width: 1071px) 543px, 580px\" \/><\/figure>\n\n\n\n<p>Denemeye de\u011fer lezzet deneyimi&#8230;..<\/p>\n\n\n\n<figure class=\"wp-block-image size-large is-resized\"><img loading=\"lazy\" decoding=\"async\" width=\"768\" height=\"1024\" src=\"https:\/\/prolebdogalurunler-com.preview-domain.com\/wp-content\/uploads\/2024\/12\/Proleb-258-768x1024.jpg\" alt=\"\" class=\"wp-image-66\" style=\"width:258px;height:auto\" srcset=\"https:\/\/prolebdogalurunler.com\/wp-content\/uploads\/2024\/12\/Proleb-258-768x1024.jpg 768w, https:\/\/prolebdogalurunler.com\/wp-content\/uploads\/2024\/12\/Proleb-258-225x300.jpg 225w, https:\/\/prolebdogalurunler.com\/wp-content\/uploads\/2024\/12\/Proleb-258-1152x1536.jpg 1152w, https:\/\/prolebdogalurunler.com\/wp-content\/uploads\/2024\/12\/Proleb-258-1536x2048.jpg 1536w, https:\/\/prolebdogalurunler.com\/wp-content\/uploads\/2024\/12\/Proleb-258-scaled.jpg 1921w\" sizes=\"auto, (max-width: 767px) 89vw, (max-width: 1000px) 54vw, (max-width: 1071px) 543px, 580px\" \/><\/figure>\n\n\n\n<p>Bu lezzetli e\u015fle\u015fmenin keyfini \u00e7\u0131kar\u0131n&#8230;<\/p>\n","protected":false},"excerpt":{"rendered":"<p>Denemeye de\u011fer lezzet deneyimi&#8230;.. Bu lezzetli e\u015fle\u015fmenin keyfini \u00e7\u0131kar\u0131n&#8230;<\/p>\n","protected":false},"author":1,"featured_media":0,"parent":0,"menu_order":0,"comment_status":"closed","ping_status":"closed","template":"","meta":{"_uag_custom_page_level_css":"","footnotes":""},"class_list":["post-20","page","type-page","status-publish","hentry"],"uagb_featured_image_src":{"full":false,"thumbnail":false,"medium":false,"medium_large":false,"large":false,"1536x1536":false,"2048x2048":false,"twentyseventeen-featured-image":false,"twentyseventeen-thumbnail-avatar":false,"awb_sm":false,"awb_md":false,"awb_lg":false,"awb_xl":false},"uagb_author_info":{"display_name":"info@tfprotex.com","author_link":"https:\/\/prolebdogalurunler.com\/?author=1"},"uagb_comment_info":0,"uagb_excerpt":"Denemeye de\u011fer lezzet deneyimi&#8230;.. Bu lezzetli e\u015fle\u015fmenin keyfini \u00e7\u0131kar\u0131n&#8230;","_links":{"self":[{"href":"https:\/\/prolebdogalurunler.com\/index.php?rest_route=\/wp\/v2\/pages\/20","targetHints":{"allow":["GET"]}}],"collection":[{"href":"https:\/\/prolebdogalurunler.com\/index.php?rest_route=\/wp\/v2\/pages"}],"about":[{"href":"https:\/\/prolebdogalurunler.com\/index.php?rest_route=\/wp\/v2\/types\/page"}],"author":[{"embeddable":true,"href":"https:\/\/prolebdogalurunler.com\/index.php?rest_route=\/wp\/v2\/users\/1"}],"replies":[{"embeddable":true,"href":"https:\/\/prolebdogalurunler.com\/index.php?rest_route=%2Fwp%2Fv2%2Fcomments&post=20"}],"version-history":[{"count":5,"href":"https:\/\/prolebdogalurunler.com\/index.php?rest_route=\/wp\/v2\/pages\/20\/revisions"}],"predecessor-version":[{"id":76,"href":"https:\/\/prolebdogalurunler.com\/index.php?rest_route=\/wp\/v2\/pages\/20\/revisions\/76"}],"wp:attachment":[{"href":"https:\/\/prolebdogalurunler.com\/index.php?rest_route=%2Fwp%2Fv2%2Fmedia&parent=20"}],"curies":[{"name":"wp","href":"https:\/\/api.w.org\/{rel}","templated":true}]}}