{"id":98,"date":"2025-01-01T15:16:08","date_gmt":"2025-01-01T12:16:08","guid":{"rendered":"https:\/\/prolebdogalurunler.com\/?page_id=98"},"modified":"2025-01-01T15:21:28","modified_gmt":"2025-01-01T12:21:28","slug":"urunler-2","status":"publish","type":"page","link":"https:\/\/prolebdogalurunler.com\/?page_id=98","title":{"rendered":"\u00dcr\u00fcnler"},"content":{"rendered":"\n<p><strong>Kumda Kavrulmu\u015f A\u011f\u0131n Leblebisi <\/strong><\/p>\n\n\n\n<figure class=\"wp-block-image size-large is-resized\"><img loading=\"lazy\" decoding=\"async\" width=\"768\" height=\"1024\" src=\"https:\/\/prolebdogalurunler-com.preview-domain.com\/wp-content\/uploads\/2025\/01\/Proleb-08-768x1024.jpg\" alt=\"\" class=\"wp-image-82\" style=\"width:183px;height:auto\" srcset=\"https:\/\/prolebdogalurunler.com\/wp-content\/uploads\/2025\/01\/Proleb-08-768x1024.jpg 768w, https:\/\/prolebdogalurunler.com\/wp-content\/uploads\/2025\/01\/Proleb-08-225x300.jpg 225w, https:\/\/prolebdogalurunler.com\/wp-content\/uploads\/2025\/01\/Proleb-08-1152x1536.jpg 1152w, https:\/\/prolebdogalurunler.com\/wp-content\/uploads\/2025\/01\/Proleb-08-1536x2048.jpg 1536w, https:\/\/prolebdogalurunler.com\/wp-content\/uploads\/2025\/01\/Proleb-08-scaled.jpg 1920w\" sizes=\"auto, (max-width: 767px) 89vw, (max-width: 1000px) 54vw, (max-width: 1071px) 543px, 580px\" \/><\/figure>\n\n\n\n<p><strong>Do\u011fal Dut Kurusu<\/strong><\/p>\n\n\n\n<figure class=\"wp-block-image size-large is-resized\"><img loading=\"lazy\" decoding=\"async\" width=\"567\" height=\"1024\" src=\"https:\/\/prolebdogalurunler-com.preview-domain.com\/wp-content\/uploads\/2025\/01\/WhatsApp-Gorsel-2025-01-01-saat-14.44.03_b171520f-1-567x1024.jpg\" alt=\"\" class=\"wp-image-89\" style=\"width:110px;height:auto\" srcset=\"https:\/\/prolebdogalurunler.com\/wp-content\/uploads\/2025\/01\/WhatsApp-Gorsel-2025-01-01-saat-14.44.03_b171520f-1-567x1024.jpg 567w, https:\/\/prolebdogalurunler.com\/wp-content\/uploads\/2025\/01\/WhatsApp-Gorsel-2025-01-01-saat-14.44.03_b171520f-1-166x300.jpg 166w, https:\/\/prolebdogalurunler.com\/wp-content\/uploads\/2025\/01\/WhatsApp-Gorsel-2025-01-01-saat-14.44.03_b171520f-1-768x1387.jpg 768w, https:\/\/prolebdogalurunler.com\/wp-content\/uploads\/2025\/01\/WhatsApp-Gorsel-2025-01-01-saat-14.44.03_b171520f-1-851x1536.jpg 851w, https:\/\/prolebdogalurunler.com\/wp-content\/uploads\/2025\/01\/WhatsApp-Gorsel-2025-01-01-saat-14.44.03_b171520f-1.jpg 886w\" sizes=\"auto, (max-width: 567px) 100vw, 567px\" \/><\/figure>\n\n\n\n<p><strong>Badem Ezmesi<\/strong><\/p>\n\n\n\n<figure class=\"wp-block-image size-full is-resized\"><img loading=\"lazy\" decoding=\"async\" width=\"1024\" height=\"768\" src=\"https:\/\/prolebdogalurunler-com.preview-domain.com\/wp-content\/uploads\/2025\/01\/image-1.jpg\" alt=\"\" class=\"wp-image-90\" style=\"width:219px;height:auto\" srcset=\"https:\/\/prolebdogalurunler.com\/wp-content\/uploads\/2025\/01\/image-1.jpg 1024w, https:\/\/prolebdogalurunler.com\/wp-content\/uploads\/2025\/01\/image-1-300x225.jpg 300w, https:\/\/prolebdogalurunler.com\/wp-content\/uploads\/2025\/01\/image-1-768x576.jpg 768w\" sizes=\"auto, (max-width: 767px) 89vw, (max-width: 1000px) 54vw, (max-width: 1071px) 543px, 580px\" \/><\/figure>\n","protected":false},"excerpt":{"rendered":"<p>Kumda Kavrulmu\u015f A\u011f\u0131n Leblebisi Do\u011fal Dut Kurusu Badem Ezmesi<\/p>\n","protected":false},"author":1,"featured_media":0,"parent":0,"menu_order":0,"comment_status":"closed","ping_status":"closed","template":"","meta":{"_uag_custom_page_level_css":"","footnotes":""},"class_list":["post-98","page","type-page","status-publish","hentry"],"uagb_featured_image_src":{"full":false,"thumbnail":false,"medium":false,"medium_large":false,"large":false,"1536x1536":false,"2048x2048":false,"twentyseventeen-featured-image":false,"twentyseventeen-thumbnail-avatar":false,"awb_sm":false,"awb_md":false,"awb_lg":false,"awb_xl":false},"uagb_author_info":{"display_name":"info@tfprotex.com","author_link":"https:\/\/prolebdogalurunler.com\/?author=1"},"uagb_comment_info":0,"uagb_excerpt":"Kumda Kavrulmu\u015f A\u011f\u0131n Leblebisi Do\u011fal Dut Kurusu Badem Ezmesi","_links":{"self":[{"href":"https:\/\/prolebdogalurunler.com\/index.php?rest_route=\/wp\/v2\/pages\/98","targetHints":{"allow":["GET"]}}],"collection":[{"href":"https:\/\/prolebdogalurunler.com\/index.php?rest_route=\/wp\/v2\/pages"}],"about":[{"href":"https:\/\/prolebdogalurunler.com\/index.php?rest_route=\/wp\/v2\/types\/page"}],"author":[{"embeddable":true,"href":"https:\/\/prolebdogalurunler.com\/index.php?rest_route=\/wp\/v2\/users\/1"}],"replies":[{"embeddable":true,"href":"https:\/\/prolebdogalurunler.com\/index.php?rest_route=%2Fwp%2Fv2%2Fcomments&post=98"}],"version-history":[{"count":3,"href":"https:\/\/prolebdogalurunler.com\/index.php?rest_route=\/wp\/v2\/pages\/98\/revisions"}],"predecessor-version":[{"id":103,"href":"https:\/\/prolebdogalurunler.com\/index.php?rest_route=\/wp\/v2\/pages\/98\/revisions\/103"}],"wp:attachment":[{"href":"https:\/\/prolebdogalurunler.com\/index.php?rest_route=%2Fwp%2Fv2%2Fmedia&parent=98"}],"curies":[{"name":"wp","href":"https:\/\/api.w.org\/{rel}","templated":true}]}}